{"id":433,"date":"2023-02-11T08:57:17","date_gmt":"2023-02-11T07:57:17","guid":{"rendered":"https:\/\/virt.com.pl\/about-us\/"},"modified":"2023-04-03T10:05:14","modified_gmt":"2023-04-03T08:05:14","slug":"ueber-uns","status":"publish","type":"page","link":"https:\/\/virt.com.pl\/de\/ueber-uns\/","title":{"rendered":"\u00dcber uns"},"content":{"rendered":"<div class=\"fusion-fullwidth fullwidth-box fusion-builder-row-1 fusion-flex-container has-pattern-background has-mask-background p-default nonhundred-percent-fullwidth non-hundred-percent-height-scrolling\" style=\"--awb-border-radius-top-left:0px;--awb-border-radius-top-right:0px;--awb-border-radius-bottom-right:0px;--awb-border-radius-bottom-left:0px;\" ><div class=\"fusion-builder-row fusion-row fusion-flex-align-items-flex-start\" style=\"max-width:1248px;margin-left: calc(-4% \/ 2 );margin-right: calc(-4% \/ 2 );\"><div class=\"fusion-layout-column fusion_builder_column fusion-builder-column-0 fusion_builder_column_1_1 1_1 fusion-flex-column\" style=\"--awb-bg-size:cover;--awb-width-large:100%;--awb-margin-top-large:0px;--awb-spacing-right-large:1.92%;--awb-margin-bottom-large:0px;--awb-spacing-left-large:1.92%;--awb-width-medium:100%;--awb-spacing-right-medium:1.92%;--awb-spacing-left-medium:1.92%;--awb-width-small:100%;--awb-spacing-right-small:1.92%;--awb-spacing-left-small:1.92%;\"><div class=\"fusion-column-wrapper fusion-flex-justify-content-flex-start fusion-content-layout-column\"><div class=\"fusion-text fusion-text-1\"><p><strong>Die Firma VIRT wurde 1998 gegr\u00fcndet. Unser Hauptschwerpunkt ist die CNC-Fr\u00e4s- und \u2013Drehtechnologie.<\/strong><\/p>\n<p><strong><img decoding=\"async\" class=\"lazyload alignright wp-image-43 size-fusion-400\" src=\"https:\/\/virt.com.pl\/wp-content\/uploads\/2023\/02\/o-nas_03-400x313.jpg\" data-orig-src=\"https:\/\/virt.com.pl\/wp-content\/uploads\/2023\/02\/o-nas_03-400x313.jpg\" alt=\"O firmie\" width=\"400\" height=\"313\" srcset=\"data:image\/svg+xml,%3Csvg%20xmlns%3D%27http%3A%2F%2Fwww.w3.org%2F2000%2Fsvg%27%20width%3D%27400%27%20height%3D%27313%27%20viewBox%3D%270%200%20400%20313%27%3E%3Crect%20width%3D%27400%27%20height%3D%27313%27%20fill-opacity%3D%220%22%2F%3E%3C%2Fsvg%3E\" data-srcset=\"https:\/\/virt.com.pl\/wp-content\/uploads\/2023\/02\/o-nas_03-200x157.jpg 200w, https:\/\/virt.com.pl\/wp-content\/uploads\/2023\/02\/o-nas_03-300x235.jpg 300w, https:\/\/virt.com.pl\/wp-content\/uploads\/2023\/02\/o-nas_03-400x313.jpg 400w, https:\/\/virt.com.pl\/wp-content\/uploads\/2023\/02\/o-nas_03.jpg 591w\" data-sizes=\"auto\" data-orig-sizes=\"(max-width: 400px) 100vw, 400px\" \/><\/strong><\/p>\n<p>Mit Hilfe unserer hochqualifizierten Mitarbeiter und modernsten Maschinen von DMG MORI sind wir in der Lage, mit h\u00f6chster Pr\u00e4zision zu produzieren und die individuellsten Kundenw\u00fcnsche zu erf\u00fcllen. Damit sind wir technisch und fachlich auf einem sehr hohen Niveau und k\u00f6nnen Ihnen ein breites Spektrum an Dienstleistungen f\u00fcr die Produktion Ihrer Metall- oder Kunststoffteile anbieten.<\/p>\n<p>Wir gew\u00e4hrleisten die Qualit\u00e4tskontrolle mit unserer Qualit\u00e4tsmanagementnorm ISO 9001:2015.<\/p>\n<p>Wenn Sie an unserem Firmenprofil interessiert sind, senden Sie uns bitte Ihre Anfrage, wir werden Ihnen umgehend ein Angebot unterbreiten und uns mit Ihnen in Verbindung setzen.<\/p>\n<\/div><\/div><\/div><\/div><\/div>\n","protected":false},"excerpt":{"rendered":"","protected":false},"author":1,"featured_media":0,"parent":0,"menu_order":0,"comment_status":"closed","ping_status":"closed","template":"","meta":{"_acf_changed":false,"footnotes":""},"class_list":["post-433","page","type-page","status-publish","hentry"],"acf":[],"yoast_head":"<!-- This site is optimized with the Yoast SEO plugin v27.3 - https:\/\/yoast.com\/product\/yoast-seo-wordpress\/ -->\n<title>\u00dcber uns - VIRT<\/title>\n<meta name=\"robots\" content=\"index, follow, max-snippet:-1, max-image-preview:large, max-video-preview:-1\" \/>\n<link rel=\"canonical\" href=\"https:\/\/virt.com.pl\/de\/ueber-uns\/\" \/>\n<meta property=\"og:locale\" content=\"de_DE\" \/>\n<meta property=\"og:type\" content=\"article\" \/>\n<meta property=\"og:title\" content=\"\u00dcber uns - VIRT\" \/>\n<meta property=\"og:url\" content=\"https:\/\/virt.com.pl\/de\/ueber-uns\/\" \/>\n<meta property=\"og:site_name\" content=\"VIRT\" \/>\n<meta property=\"article:publisher\" content=\"https:\/\/www.facebook.com\/virt01\" \/>\n<meta property=\"article:modified_time\" content=\"2023-04-03T08:05:14+00:00\" \/>\n<meta property=\"og:image\" content=\"https:\/\/virt.com.pl\/wp-content\/uploads\/2023\/02\/o-nas_03-400x313.jpg\" \/>\n<meta name=\"twitter:card\" content=\"summary_large_image\" \/>\n<meta name=\"twitter:label1\" content=\"Gesch\u00e4tzte Lesezeit\" \/>\n\t<meta name=\"twitter:data1\" content=\"3\u00a0Minuten\" \/>\n<script type=\"application\/ld+json\" class=\"yoast-schema-graph\">{\"@context\":\"https:\\\/\\\/schema.org\",\"@graph\":[{\"@type\":\"WebPage\",\"@id\":\"https:\\\/\\\/virt.com.pl\\\/de\\\/ueber-uns\\\/\",\"url\":\"https:\\\/\\\/virt.com.pl\\\/de\\\/ueber-uns\\\/\",\"name\":\"\u00dcber uns - VIRT\",\"isPartOf\":{\"@id\":\"https:\\\/\\\/virt.com.pl\\\/#website\"},\"primaryImageOfPage\":{\"@id\":\"https:\\\/\\\/virt.com.pl\\\/de\\\/ueber-uns\\\/#primaryimage\"},\"image\":{\"@id\":\"https:\\\/\\\/virt.com.pl\\\/de\\\/ueber-uns\\\/#primaryimage\"},\"thumbnailUrl\":\"https:\\\/\\\/virt.com.pl\\\/wp-content\\\/uploads\\\/2023\\\/02\\\/o-nas_03-400x313.jpg\",\"datePublished\":\"2023-02-11T07:57:17+00:00\",\"dateModified\":\"2023-04-03T08:05:14+00:00\",\"breadcrumb\":{\"@id\":\"https:\\\/\\\/virt.com.pl\\\/de\\\/ueber-uns\\\/#breadcrumb\"},\"inLanguage\":\"de\",\"potentialAction\":[{\"@type\":\"ReadAction\",\"target\":[\"https:\\\/\\\/virt.com.pl\\\/de\\\/ueber-uns\\\/\"]}]},{\"@type\":\"ImageObject\",\"inLanguage\":\"de\",\"@id\":\"https:\\\/\\\/virt.com.pl\\\/de\\\/ueber-uns\\\/#primaryimage\",\"url\":\"https:\\\/\\\/virt.com.pl\\\/wp-content\\\/uploads\\\/2023\\\/02\\\/o-nas_03-400x313.jpg\",\"contentUrl\":\"https:\\\/\\\/virt.com.pl\\\/wp-content\\\/uploads\\\/2023\\\/02\\\/o-nas_03-400x313.jpg\"},{\"@type\":\"BreadcrumbList\",\"@id\":\"https:\\\/\\\/virt.com.pl\\\/de\\\/ueber-uns\\\/#breadcrumb\",\"itemListElement\":[{\"@type\":\"ListItem\",\"position\":1,\"name\":\"Strona g\u0142\u00f3wna\",\"item\":\"https:\\\/\\\/virt.com.pl\\\/de\\\/\"},{\"@type\":\"ListItem\",\"position\":2,\"name\":\"\u00dcber uns\"}]},{\"@type\":\"WebSite\",\"@id\":\"https:\\\/\\\/virt.com.pl\\\/#website\",\"url\":\"https:\\\/\\\/virt.com.pl\\\/\",\"name\":\"VIRT\",\"description\":\"\",\"publisher\":{\"@id\":\"https:\\\/\\\/virt.com.pl\\\/#organization\"},\"potentialAction\":[{\"@type\":\"SearchAction\",\"target\":{\"@type\":\"EntryPoint\",\"urlTemplate\":\"https:\\\/\\\/virt.com.pl\\\/?s={search_term_string}\"},\"query-input\":{\"@type\":\"PropertyValueSpecification\",\"valueRequired\":true,\"valueName\":\"search_term_string\"}}],\"inLanguage\":\"de\"},{\"@type\":\"Organization\",\"@id\":\"https:\\\/\\\/virt.com.pl\\\/#organization\",\"name\":\"VIRT\",\"url\":\"https:\\\/\\\/virt.com.pl\\\/\",\"logo\":{\"@type\":\"ImageObject\",\"inLanguage\":\"de\",\"@id\":\"https:\\\/\\\/virt.com.pl\\\/#\\\/schema\\\/logo\\\/image\\\/\",\"url\":\"https:\\\/\\\/virt.com.pl\\\/wp-content\\\/uploads\\\/2023\\\/02\\\/stopka-logo_11.png\",\"contentUrl\":\"https:\\\/\\\/virt.com.pl\\\/wp-content\\\/uploads\\\/2023\\\/02\\\/stopka-logo_11.png\",\"width\":175,\"height\":64,\"caption\":\"VIRT\"},\"image\":{\"@id\":\"https:\\\/\\\/virt.com.pl\\\/#\\\/schema\\\/logo\\\/image\\\/\"},\"sameAs\":[\"https:\\\/\\\/www.facebook.com\\\/virt01\",\"https:\\\/\\\/www.tiktok.com\\\/@virt_cnc\"]}]}<\/script>\n<!-- \/ Yoast SEO plugin. -->","yoast_head_json":{"title":"\u00dcber uns - VIRT","robots":{"index":"index","follow":"follow","max-snippet":"max-snippet:-1","max-image-preview":"max-image-preview:large","max-video-preview":"max-video-preview:-1"},"canonical":"https:\/\/virt.com.pl\/de\/ueber-uns\/","og_locale":"de_DE","og_type":"article","og_title":"\u00dcber uns - VIRT","og_url":"https:\/\/virt.com.pl\/de\/ueber-uns\/","og_site_name":"VIRT","article_publisher":"https:\/\/www.facebook.com\/virt01","article_modified_time":"2023-04-03T08:05:14+00:00","og_image":[{"url":"https:\/\/virt.com.pl\/wp-content\/uploads\/2023\/02\/o-nas_03-400x313.jpg","type":"","width":"","height":""}],"twitter_card":"summary_large_image","twitter_misc":{"Gesch\u00e4tzte Lesezeit":"3\u00a0Minuten"},"schema":{"@context":"https:\/\/schema.org","@graph":[{"@type":"WebPage","@id":"https:\/\/virt.com.pl\/de\/ueber-uns\/","url":"https:\/\/virt.com.pl\/de\/ueber-uns\/","name":"\u00dcber uns - VIRT","isPartOf":{"@id":"https:\/\/virt.com.pl\/#website"},"primaryImageOfPage":{"@id":"https:\/\/virt.com.pl\/de\/ueber-uns\/#primaryimage"},"image":{"@id":"https:\/\/virt.com.pl\/de\/ueber-uns\/#primaryimage"},"thumbnailUrl":"https:\/\/virt.com.pl\/wp-content\/uploads\/2023\/02\/o-nas_03-400x313.jpg","datePublished":"2023-02-11T07:57:17+00:00","dateModified":"2023-04-03T08:05:14+00:00","breadcrumb":{"@id":"https:\/\/virt.com.pl\/de\/ueber-uns\/#breadcrumb"},"inLanguage":"de","potentialAction":[{"@type":"ReadAction","target":["https:\/\/virt.com.pl\/de\/ueber-uns\/"]}]},{"@type":"ImageObject","inLanguage":"de","@id":"https:\/\/virt.com.pl\/de\/ueber-uns\/#primaryimage","url":"https:\/\/virt.com.pl\/wp-content\/uploads\/2023\/02\/o-nas_03-400x313.jpg","contentUrl":"https:\/\/virt.com.pl\/wp-content\/uploads\/2023\/02\/o-nas_03-400x313.jpg"},{"@type":"BreadcrumbList","@id":"https:\/\/virt.com.pl\/de\/ueber-uns\/#breadcrumb","itemListElement":[{"@type":"ListItem","position":1,"name":"Strona g\u0142\u00f3wna","item":"https:\/\/virt.com.pl\/de\/"},{"@type":"ListItem","position":2,"name":"\u00dcber uns"}]},{"@type":"WebSite","@id":"https:\/\/virt.com.pl\/#website","url":"https:\/\/virt.com.pl\/","name":"VIRT","description":"","publisher":{"@id":"https:\/\/virt.com.pl\/#organization"},"potentialAction":[{"@type":"SearchAction","target":{"@type":"EntryPoint","urlTemplate":"https:\/\/virt.com.pl\/?s={search_term_string}"},"query-input":{"@type":"PropertyValueSpecification","valueRequired":true,"valueName":"search_term_string"}}],"inLanguage":"de"},{"@type":"Organization","@id":"https:\/\/virt.com.pl\/#organization","name":"VIRT","url":"https:\/\/virt.com.pl\/","logo":{"@type":"ImageObject","inLanguage":"de","@id":"https:\/\/virt.com.pl\/#\/schema\/logo\/image\/","url":"https:\/\/virt.com.pl\/wp-content\/uploads\/2023\/02\/stopka-logo_11.png","contentUrl":"https:\/\/virt.com.pl\/wp-content\/uploads\/2023\/02\/stopka-logo_11.png","width":175,"height":64,"caption":"VIRT"},"image":{"@id":"https:\/\/virt.com.pl\/#\/schema\/logo\/image\/"},"sameAs":["https:\/\/www.facebook.com\/virt01","https:\/\/www.tiktok.com\/@virt_cnc"]}]}},"_links":{"self":[{"href":"https:\/\/virt.com.pl\/de\/wp-json\/wp\/v2\/pages\/433","targetHints":{"allow":["GET"]}}],"collection":[{"href":"https:\/\/virt.com.pl\/de\/wp-json\/wp\/v2\/pages"}],"about":[{"href":"https:\/\/virt.com.pl\/de\/wp-json\/wp\/v2\/types\/page"}],"author":[{"embeddable":true,"href":"https:\/\/virt.com.pl\/de\/wp-json\/wp\/v2\/users\/1"}],"replies":[{"embeddable":true,"href":"https:\/\/virt.com.pl\/de\/wp-json\/wp\/v2\/comments?post=433"}],"version-history":[{"count":1,"href":"https:\/\/virt.com.pl\/de\/wp-json\/wp\/v2\/pages\/433\/revisions"}],"predecessor-version":[{"id":434,"href":"https:\/\/virt.com.pl\/de\/wp-json\/wp\/v2\/pages\/433\/revisions\/434"}],"wp:attachment":[{"href":"https:\/\/virt.com.pl\/de\/wp-json\/wp\/v2\/media?parent=433"}],"curies":[{"name":"wp","href":"https:\/\/api.w.org\/{rel}","templated":true}]}}