{"id":320,"date":"2023-02-11T08:55:00","date_gmt":"2023-02-11T07:55:00","guid":{"rendered":"https:\/\/virt.com.pl\/polityka-prywatnosci\/"},"modified":"2023-04-03T10:07:04","modified_gmt":"2023-04-03T08:07:04","slug":"privacy-policy","status":"publish","type":"page","link":"https:\/\/virt.com.pl\/en\/privacy-policy\/","title":{"rendered":"Privacy policy"},"content":{"rendered":"<div class=\"fusion-fullwidth fullwidth-box fusion-builder-row-1 fusion-flex-container nonhundred-percent-fullwidth non-hundred-percent-height-scrolling\" style=\"--awb-border-radius-top-left:0px;--awb-border-radius-top-right:0px;--awb-border-radius-bottom-right:0px;--awb-border-radius-bottom-left:0px;\" ><div class=\"fusion-builder-row fusion-row fusion-flex-align-items-flex-start\" style=\"max-width:1248px;margin-left: calc(-4% \/ 2 );margin-right: calc(-4% \/ 2 );\"><div class=\"fusion-layout-column fusion_builder_column fusion-builder-column-0 fusion_builder_column_1_1 1_1 fusion-flex-column\" style=\"--awb-bg-size:cover;--awb-width-large:100%;--awb-margin-top-large:0px;--awb-spacing-right-large:1.92%;--awb-margin-bottom-large:0px;--awb-spacing-left-large:1.92%;--awb-width-medium:100%;--awb-spacing-right-medium:1.92%;--awb-spacing-left-medium:1.92%;--awb-width-small:100%;--awb-spacing-right-small:1.92%;--awb-spacing-left-small:1.92%;\"><div class=\"fusion-column-wrapper fusion-flex-justify-content-flex-start fusion-content-layout-column\"><div class=\"fusion-text fusion-text-1\"><p style=\"text-align: center;\"><strong>General information.<\/strong><\/p>\n<ol>\n<li>The operator of the <strong>virt.com.pl<\/strong> is <strong>Virt Sp\u00f3\u0142ka Cywilna Kurowski Adam, Nosal Daniel, ul. Fabryczna 1E, 32-600 O\u015bwi\u0119cim, NIP: PL 9542257846<\/strong><\/li>\n<li>The Service performs the functions of obtaining information about users and their behaviour in the following way:<br \/>\n\u2013 Through the information voluntarily entered in the forms.<br \/>\n\u2013 By storing cookies in terminal devices (so-called \u201ccookies\u201d).<br \/>\n\u2013 By collecting web server logs by the hosting operator domena.pl, operating at the address domena.pl<\/li>\n<\/ol>\n<p style=\"text-align: center;\"><strong>Information in forms.<\/strong><\/p>\n<ol>\n<li>The website collects information provided voluntarily by the user.<\/li>\n<li>The website can also store information about connection parameters (time stamp, IP address).<\/li>\n<li>The data in the form are not made available to third parties otherwise than with the consent of the user.<\/li>\n<li>The data provided in the form may constitute a collection of potential customers, registered by the Operator of the Website in the register kept by the Inspector General for the Protection of Personal Data.<\/li>\n<li>The data given in the form are processed for the purpose resulting from the function of a specific form, e.g. in order to handle a service request or commercial contact.<\/li>\n<li>The data provided in the forms may be transferred to entities technically performing certain services \u2013 in particular, it concerns the transfer of information about the holder of the registered domain name to entities that are Internet domain operators (mainly Scientific and Academic Computer Network j.b.r. \u2013 NASK), payment services or other entities with which the Operator of the Website cooperates in this respect.<\/li>\n<\/ol>\n<p style=\"text-align: center;\"><strong>Information about cookies.<\/strong><\/p>\n<ol>\n<li>The website uses cookies.<\/li>\n<li>Cookies are IT data, in particular text files, which are stored in the final device of Service User and are intended to use the Website pages. Cookies usually contain the name of the website from which they come, the time of storing them on the terminal equipment and a unique number.<\/li>\n<li>The entity placing cookies on the final device of Service User and obtaining access to them is the Service Operator.<\/li>\n<li>Cookies are used for the following purposes:<br \/>\n\u2013 create statistics that help to understand how Service Users use the websites and improve their structure and content;<br \/>\n\u2013 maintenance of the Service User session (after logging in), so that the User does not have to re-enter the login and password on every subpage of the Service;<br \/>\n\u2013 determine your profile in order to display customized materials on advertising networks, in particular Google.<\/li>\n<li>Two basic types of cookies are used in the Website: \u201csession\u201d cookies and \u201cpersistent\u201d cookies. Session cookies are temporary files that are stored in the User\u2019s terminal equipment until the User logs out, leaves the website or switches off the software (web browser). \u201cPersistent\u201d cookies are stored in the User\u2019s terminal device for a period of time specified in the parameters of cookies or until they are deleted by the User.<\/li>\n<li>Web browsing software (web browser) usually allows cookies to be stored by default in the User\u2019s terminal device. Service Users may change the settings in this respect. The Internet browser enables the removal of cookies. It is also possible to automatically block cookies. Detailed information on this subject can be found in the help or documentation of the Internet browser. Limitations on the use of cookies may affect some of the functionalities available on the Website.<\/li>\n<li>Cookies placed in the final device of Service User and used may also be used by advertisers and partners cooperating with the Service Operator.<\/li>\n<li>We recommend that you read the privacy policy of these companies in order to learn how to use cookies used in statistics:\u00a0<a href=\"http:\/\/www.google.pl\/intl\/pl\/analytics\/privacyoverview.html\">Google Analytics<\/a>\u00a0Privacy Policy<\/li>\n<li>Cookies may be used by advertising networks, in particular Google, to display ads that are tailored to your use of the Website. For this purpose, they may store information about your navigation path or the duration of your visit to the website.<\/li>\n<li>Within the scope of information on user preferences collected by Google\u2019s advertising network, the user may view and edit information resulting from cookies using the following tool:\u00a0<a href=\"https:\/\/www.google.com\/ads\/preferences\/\">https:\/\/www.google.com\/ads\/preferences\/<\/a><\/li>\n<\/ol>\n<p style=\"text-align: center;\"><strong>Server logs.<\/strong><\/p>\n<ol>\n<li>Information about some user behaviours is logged into the server layer. This data is used solely for the purpose of administering the service and to ensure the most efficient handling of the hosting services provided.<\/li>\n<li>The browsed resources are identified by URLs. In addition, they may be subject to recording:<br \/>\n\u2013 the time of receipt of an inquiry,<br \/>\n\u2013 the time of sending the answer,<br \/>\n\u2013 Client station name \u2013 identification performed by HTTP protocol,<br \/>\n\u2013 information about errors that occurred during the execution of the HTTP transaction,<br \/>\n\u2013 URL address of the page previously visited by the user (referer link) \u2013 in case when the transition to the Service was made by a link,<br \/>\n\u2013 information about the user\u2019s browser,<br \/>\n\u2013 IP address information.<\/li>\n<li>The above data is not associated with specific visitors to the website.<\/li>\n<li>This data is only used for server administration purposes.<\/li>\n<\/ol>\n<p style=\"text-align: center;\"><strong>Provision of data.<\/strong><\/p>\n<ol>\n<li>Data are subject to disclosure to external entities only within the limits permitted by law.<\/li>\n<li>Data enabling the identification of a natural person are shared only with the consent of that person.<\/li>\n<li>The Operator may be obliged to provide information collected by the Service to authorized authorities on the basis of lawful requests in the scope resulting from the request.<\/li>\n<\/ol>\n<p style=\"text-align: center;\"><strong>Cookie management \u2013 how to give and withdraw consent in practice?<\/strong><\/p>\n<ol>\n<li>If you do not wish to receive cookies, you can change your browser settings. We stipulate that disabling the use of cookies necessary for authentication, security, maintaining user preferences may hinder, and in extreme cases may prevent the use of websites.<\/li>\n<li>To manage your cookie settings, select your web browser\/system from the list below and follow the instructions:<br \/>\n<a href=\"http:\/\/support.microsoft.com\/kb\/196955\">\u2013 Internet Explorer<\/a><br \/>\n<a href=\"http:\/\/support.google.com\/chrome\/bin\/answer.py?hl=pl&amp;answer=95647\">\u2013 Chrome<\/a><br \/>\n<a href=\"http:\/\/support.apple.com\/kb\/PH5042\">\u2013 Safari<\/a><br \/>\n<a href=\"http:\/\/support.mozilla.org\/pl\/kb\/W%C5%82%C4%85czanie%20i%20wy%C5%82%C4%85czanie%20obs%C5%82ugi%20ciasteczek\">\u2013 Firefox<\/a><br \/>\n<a href=\"http:\/\/help.opera.com\/Windows\/12.10\/pl\/cookies.html\">\u2013 Opera<\/a><br \/>\n<a href=\"http:\/\/support.google.com\/chrome\/bin\/answer.py?hl=pl&amp;answer=95647\">\u2013 Android<\/a><br \/>\n<a href=\"http:\/\/support.apple.com\/kb\/HT1677?viewlocale=pl_PL\">\u2013 Safari (iOS)<\/a><br \/>\n<a href=\"http:\/\/www.windowsphone.com\/pl-pl\/how-to\/wp7\/web\/changing-privacy-and-other-browser-settings\">\u2013 Windows Phone<\/a><br \/>\n<a href=\"http:\/\/docs.blackberry.com\/en\/smartphone_users\/deliverables\/32004\/Turn_off_cookies_in_the_browser_60_1072866_11.jsp\">\u2013 Blackberry<\/a><\/li>\n<\/ol>\n<ol>\n<li style=\"list-style-type: none;\"><\/li>\n<\/ol>\n<\/div><\/div><\/div><\/div><\/div>\n","protected":false},"excerpt":{"rendered":"","protected":false},"author":1,"featured_media":0,"parent":0,"menu_order":0,"comment_status":"closed","ping_status":"open","template":"","meta":{"_acf_changed":false,"footnotes":""},"class_list":["post-320","page","type-page","status-publish","hentry"],"acf":[],"yoast_head":"<!-- This site is optimized with the Yoast SEO plugin v27.3 - https:\/\/yoast.com\/product\/yoast-seo-wordpress\/ -->\n<title>Privacy policy - VIRT<\/title>\n<meta name=\"robots\" content=\"index, follow, max-snippet:-1, max-image-preview:large, max-video-preview:-1\" \/>\n<link rel=\"canonical\" href=\"https:\/\/virt.com.pl\/en\/privacy-policy\/\" \/>\n<meta property=\"og:locale\" content=\"en_US\" \/>\n<meta property=\"og:type\" content=\"article\" \/>\n<meta property=\"og:title\" content=\"Privacy policy - VIRT\" \/>\n<meta property=\"og:url\" content=\"https:\/\/virt.com.pl\/en\/privacy-policy\/\" \/>\n<meta property=\"og:site_name\" content=\"VIRT\" \/>\n<meta property=\"article:publisher\" content=\"https:\/\/www.facebook.com\/virt01\" \/>\n<meta property=\"article:modified_time\" content=\"2023-04-03T08:07:04+00:00\" \/>\n<meta name=\"twitter:card\" content=\"summary_large_image\" \/>\n<meta name=\"twitter:label1\" content=\"Est. reading time\" \/>\n\t<meta name=\"twitter:data1\" content=\"6 minutes\" \/>\n<script type=\"application\/ld+json\" class=\"yoast-schema-graph\">{\"@context\":\"https:\\\/\\\/schema.org\",\"@graph\":[{\"@type\":\"WebPage\",\"@id\":\"https:\\\/\\\/virt.com.pl\\\/en\\\/privacy-policy\\\/\",\"url\":\"https:\\\/\\\/virt.com.pl\\\/en\\\/privacy-policy\\\/\",\"name\":\"Privacy policy - VIRT\",\"isPartOf\":{\"@id\":\"https:\\\/\\\/virt.com.pl\\\/#website\"},\"datePublished\":\"2023-02-11T07:55:00+00:00\",\"dateModified\":\"2023-04-03T08:07:04+00:00\",\"breadcrumb\":{\"@id\":\"https:\\\/\\\/virt.com.pl\\\/en\\\/privacy-policy\\\/#breadcrumb\"},\"inLanguage\":\"en-US\",\"potentialAction\":[{\"@type\":\"ReadAction\",\"target\":[\"https:\\\/\\\/virt.com.pl\\\/en\\\/privacy-policy\\\/\"]}]},{\"@type\":\"BreadcrumbList\",\"@id\":\"https:\\\/\\\/virt.com.pl\\\/en\\\/privacy-policy\\\/#breadcrumb\",\"itemListElement\":[{\"@type\":\"ListItem\",\"position\":1,\"name\":\"Strona g\u0142\u00f3wna\",\"item\":\"https:\\\/\\\/virt.com.pl\\\/en\\\/\"},{\"@type\":\"ListItem\",\"position\":2,\"name\":\"Privacy policy\"}]},{\"@type\":\"WebSite\",\"@id\":\"https:\\\/\\\/virt.com.pl\\\/#website\",\"url\":\"https:\\\/\\\/virt.com.pl\\\/\",\"name\":\"VIRT\",\"description\":\"\",\"publisher\":{\"@id\":\"https:\\\/\\\/virt.com.pl\\\/#organization\"},\"potentialAction\":[{\"@type\":\"SearchAction\",\"target\":{\"@type\":\"EntryPoint\",\"urlTemplate\":\"https:\\\/\\\/virt.com.pl\\\/?s={search_term_string}\"},\"query-input\":{\"@type\":\"PropertyValueSpecification\",\"valueRequired\":true,\"valueName\":\"search_term_string\"}}],\"inLanguage\":\"en-US\"},{\"@type\":\"Organization\",\"@id\":\"https:\\\/\\\/virt.com.pl\\\/#organization\",\"name\":\"VIRT\",\"url\":\"https:\\\/\\\/virt.com.pl\\\/\",\"logo\":{\"@type\":\"ImageObject\",\"inLanguage\":\"en-US\",\"@id\":\"https:\\\/\\\/virt.com.pl\\\/#\\\/schema\\\/logo\\\/image\\\/\",\"url\":\"https:\\\/\\\/virt.com.pl\\\/wp-content\\\/uploads\\\/2023\\\/02\\\/stopka-logo_11.png\",\"contentUrl\":\"https:\\\/\\\/virt.com.pl\\\/wp-content\\\/uploads\\\/2023\\\/02\\\/stopka-logo_11.png\",\"width\":175,\"height\":64,\"caption\":\"VIRT\"},\"image\":{\"@id\":\"https:\\\/\\\/virt.com.pl\\\/#\\\/schema\\\/logo\\\/image\\\/\"},\"sameAs\":[\"https:\\\/\\\/www.facebook.com\\\/virt01\",\"https:\\\/\\\/www.tiktok.com\\\/@virt_cnc\"]}]}<\/script>\n<!-- \/ Yoast SEO plugin. -->","yoast_head_json":{"title":"Privacy policy - VIRT","robots":{"index":"index","follow":"follow","max-snippet":"max-snippet:-1","max-image-preview":"max-image-preview:large","max-video-preview":"max-video-preview:-1"},"canonical":"https:\/\/virt.com.pl\/en\/privacy-policy\/","og_locale":"en_US","og_type":"article","og_title":"Privacy policy - VIRT","og_url":"https:\/\/virt.com.pl\/en\/privacy-policy\/","og_site_name":"VIRT","article_publisher":"https:\/\/www.facebook.com\/virt01","article_modified_time":"2023-04-03T08:07:04+00:00","twitter_card":"summary_large_image","twitter_misc":{"Est. reading time":"6 minutes"},"schema":{"@context":"https:\/\/schema.org","@graph":[{"@type":"WebPage","@id":"https:\/\/virt.com.pl\/en\/privacy-policy\/","url":"https:\/\/virt.com.pl\/en\/privacy-policy\/","name":"Privacy policy - VIRT","isPartOf":{"@id":"https:\/\/virt.com.pl\/#website"},"datePublished":"2023-02-11T07:55:00+00:00","dateModified":"2023-04-03T08:07:04+00:00","breadcrumb":{"@id":"https:\/\/virt.com.pl\/en\/privacy-policy\/#breadcrumb"},"inLanguage":"en-US","potentialAction":[{"@type":"ReadAction","target":["https:\/\/virt.com.pl\/en\/privacy-policy\/"]}]},{"@type":"BreadcrumbList","@id":"https:\/\/virt.com.pl\/en\/privacy-policy\/#breadcrumb","itemListElement":[{"@type":"ListItem","position":1,"name":"Strona g\u0142\u00f3wna","item":"https:\/\/virt.com.pl\/en\/"},{"@type":"ListItem","position":2,"name":"Privacy policy"}]},{"@type":"WebSite","@id":"https:\/\/virt.com.pl\/#website","url":"https:\/\/virt.com.pl\/","name":"VIRT","description":"","publisher":{"@id":"https:\/\/virt.com.pl\/#organization"},"potentialAction":[{"@type":"SearchAction","target":{"@type":"EntryPoint","urlTemplate":"https:\/\/virt.com.pl\/?s={search_term_string}"},"query-input":{"@type":"PropertyValueSpecification","valueRequired":true,"valueName":"search_term_string"}}],"inLanguage":"en-US"},{"@type":"Organization","@id":"https:\/\/virt.com.pl\/#organization","name":"VIRT","url":"https:\/\/virt.com.pl\/","logo":{"@type":"ImageObject","inLanguage":"en-US","@id":"https:\/\/virt.com.pl\/#\/schema\/logo\/image\/","url":"https:\/\/virt.com.pl\/wp-content\/uploads\/2023\/02\/stopka-logo_11.png","contentUrl":"https:\/\/virt.com.pl\/wp-content\/uploads\/2023\/02\/stopka-logo_11.png","width":175,"height":64,"caption":"VIRT"},"image":{"@id":"https:\/\/virt.com.pl\/#\/schema\/logo\/image\/"},"sameAs":["https:\/\/www.facebook.com\/virt01","https:\/\/www.tiktok.com\/@virt_cnc"]}]}},"_links":{"self":[{"href":"https:\/\/virt.com.pl\/en\/wp-json\/wp\/v2\/pages\/320","targetHints":{"allow":["GET"]}}],"collection":[{"href":"https:\/\/virt.com.pl\/en\/wp-json\/wp\/v2\/pages"}],"about":[{"href":"https:\/\/virt.com.pl\/en\/wp-json\/wp\/v2\/types\/page"}],"author":[{"embeddable":true,"href":"https:\/\/virt.com.pl\/en\/wp-json\/wp\/v2\/users\/1"}],"replies":[{"embeddable":true,"href":"https:\/\/virt.com.pl\/en\/wp-json\/wp\/v2\/comments?post=320"}],"version-history":[{"count":3,"href":"https:\/\/virt.com.pl\/en\/wp-json\/wp\/v2\/pages\/320\/revisions"}],"predecessor-version":[{"id":435,"href":"https:\/\/virt.com.pl\/en\/wp-json\/wp\/v2\/pages\/320\/revisions\/435"}],"wp:attachment":[{"href":"https:\/\/virt.com.pl\/en\/wp-json\/wp\/v2\/media?parent=320"}],"curies":[{"name":"wp","href":"https:\/\/api.w.org\/{rel}","templated":true}]}}